{"id":254,"date":"2017-06-08T17:10:37","date_gmt":"2017-06-08T15:10:37","guid":{"rendered":"https:\/\/www.a-l-institut.fr\/?page_id=254"},"modified":"2017-07-31T16:53:46","modified_gmt":"2017-07-31T14:53:46","slug":"soins-esthetiques","status":"publish","type":"page","link":"https:\/\/www.a-l-institut.fr\/index.php\/soins-esthetiques\/","title":{"rendered":"Soins esth\u00e9tiques"},"content":{"rendered":"<p><strong>A l\u2019Institut vous propose une large gamme de soins\u00a0:<\/strong><\/p>\n<p style=\"padding-left: 30px;\"><strong>Soins du visa<\/strong>ge et cure intensive avec notre partenaire <a href=\"https:\/\/www.esthederm.com\/fr\/?gclid=CJzr7oras9UCFSIL0wodXBAJLA\" target=\"_blank\" rel=\"noopener\">Esthederm<\/a><\/p>\n<p style=\"padding-left: 30px;\"><em><img loading=\"lazy\" decoding=\"async\" class=\"alignleft wp-image-430\" src=\"https:\/\/www.a-l-institut.fr\/wp-content\/uploads\/2017\/06\/6588155-Logo-08-EST-300x130.jpg\" alt=\"\" width=\"139\" height=\"57\" \/>Esthederm est une marque fran\u00e7aise forte d&rsquo;une dizaine d&rsquo;ann\u00e9es dans le domaine des soins dermatologiques. La philosophie Esthederm : r\u00e9\u00e9duquer la peau pour qu&rsquo;elle retrouve ses fonctions naturelles.<\/em><\/p>\n<p>&nbsp;<\/p>\n<p style=\"padding-left: 30px;\"><strong>Soins du corps, modelages et rituels<\/strong> avec la marque <a href=\"http:\/\/www.charmedorient.fr\/fr\/\" target=\"_blank\" rel=\"noopener\">Charme d&rsquo;orient<\/a><\/p>\n<p style=\"padding-left: 30px;\"><img loading=\"lazy\" decoding=\"async\" class=\"alignleft wp-image-429\" src=\"https:\/\/www.a-l-institut.fr\/wp-content\/uploads\/2017\/06\/107710694-300x171.jpeg\" alt=\"\" width=\"155\" height=\"91\" \/><\/p>\n<div class=\"fiche_pro_conteneur_desc\">\n<div class=\"fiche_pro_description\">\n<p>&nbsp;<\/p>\n<p><em>Charme d\u2019Orient d\u00e9veloppe des soins et produits inspir\u00e9s des traditions des femmes orientales, profitez d\u2019authentiques rituels de beaut\u00e9 et de bien-\u00eatre. <\/em><\/p>\n<\/div>\n<\/div>\n<p>&nbsp;<\/p>\n<p style=\"padding-left: 30px;\"><strong>\u00c9pilation<\/strong> \u00e0 la carte ou avec les forfaits<\/p>\n<p style=\"padding-left: 30px;\"><strong>\u00c9pilation d\u00e9finitive \u00e0 la lumi\u00e8re puls\u00e9e<\/strong> avec <a href=\"http:\/\/www.corpoderm.com\/\" target=\"_blank\" rel=\"noopener\">Corpoderm<\/a><\/p>\n<p style=\"padding-left: 30px;\"><img loading=\"lazy\" decoding=\"async\" class=\"alignleft size-full wp-image-431\" src=\"https:\/\/www.a-l-institut.fr\/wp-content\/uploads\/2017\/06\/logo-corpoderm.png\" alt=\"\" width=\"151\" height=\"72\" srcset=\"https:\/\/www.a-l-institut.fr\/wp-content\/uploads\/2017\/06\/logo-corpoderm.png 151w, https:\/\/www.a-l-institut.fr\/wp-content\/uploads\/2017\/06\/logo-corpoderm-150x72.png 150w\" sizes=\"auto, (max-width: 151px) 100vw, 151px\" \/><\/p>\n<p>&nbsp;<\/p>\n<p><em>Corpoderm est le leader fran\u00e7ais n\u00b01 de l&rsquo;\u00e9pilation d\u00e9finitive \u00e0 la lumi\u00e8re puls\u00e9e<\/em><\/p>\n<p>&nbsp;<\/p>\n<p style=\"padding-left: 30px;\"><strong>Mise en beaut\u00e9 et maquillage<\/strong><\/p>\n<p style=\"padding-left: 30px;\"><strong>Manucure et vernis semi-permanent<\/strong> avec la marque <a href=\"https:\/\/www.pronails.fr\/fr\" target=\"_blank\" rel=\"noopener\">Pronails<\/a><\/p>\n<p style=\"padding-left: 30px;\"><img loading=\"lazy\" decoding=\"async\" class=\"alignleft wp-image-432\" src=\"https:\/\/www.a-l-institut.fr\/wp-content\/uploads\/2017\/06\/index.png\" alt=\"\" width=\"113\" height=\"130\" \/><\/p>\n<p>&nbsp;<\/p>\n<p><em>ProNails cr\u00e9e des produits de soin de toute premi\u00e8re qualit\u00e9 pour les ongles, les pieds et les mains.<\/em><\/p>\n<p>&nbsp;<\/p>\n<p>&nbsp;<\/p>\n<p>Retrouvez l\u2019ensemble des tarifs en <a href=\"https:\/\/www.a-l-institut.fr\/index.php\/blog\/\">cliquant ici<\/a><\/p>\n<p><img loading=\"lazy\" decoding=\"async\" class=\"alignleft size-large wp-image-438\" src=\"https:\/\/www.a-l-institut.fr\/wp-content\/uploads\/2017\/06\/Trio-INST-1024x307.png\" alt=\"\" width=\"900\" height=\"270\" \/><\/p>\n<p>&nbsp;<\/p>\n","protected":false},"excerpt":{"rendered":"<p>A l\u2019Institut vous propose une large gamme de soins\u00a0: Soins du visage et cure intensive avec notre partenaire Esthederm Esthederm est une marque fran\u00e7aise forte d&rsquo;une dizaine d&rsquo;ann\u00e9es dans le domaine des soins dermatologiques. La philosophie Esthederm : r\u00e9\u00e9duquer la peau pour qu&rsquo;elle retrouve ses fonctions naturelles. &nbsp; Soins du corps, modelages et rituels avec&hellip; <a class=\"more-link\" href=\"https:\/\/www.a-l-institut.fr\/index.php\/soins-esthetiques\/\">Lire plus <span class=\"screen-reader-text\">Soins esth\u00e9tiques<\/span><\/a><\/p>\n","protected":false},"author":1,"featured_media":0,"parent":0,"menu_order":0,"comment_status":"closed","ping_status":"closed","template":"","meta":{"footnotes":""},"class_list":["post-254","page","type-page","status-publish","hentry"],"_links":{"self":[{"href":"https:\/\/www.a-l-institut.fr\/index.php\/wp-json\/wp\/v2\/pages\/254","targetHints":{"allow":["GET"]}}],"collection":[{"href":"https:\/\/www.a-l-institut.fr\/index.php\/wp-json\/wp\/v2\/pages"}],"about":[{"href":"https:\/\/www.a-l-institut.fr\/index.php\/wp-json\/wp\/v2\/types\/page"}],"author":[{"embeddable":true,"href":"https:\/\/www.a-l-institut.fr\/index.php\/wp-json\/wp\/v2\/users\/1"}],"replies":[{"embeddable":true,"href":"https:\/\/www.a-l-institut.fr\/index.php\/wp-json\/wp\/v2\/comments?post=254"}],"version-history":[{"count":9,"href":"https:\/\/www.a-l-institut.fr\/index.php\/wp-json\/wp\/v2\/pages\/254\/revisions"}],"predecessor-version":[{"id":443,"href":"https:\/\/www.a-l-institut.fr\/index.php\/wp-json\/wp\/v2\/pages\/254\/revisions\/443"}],"wp:attachment":[{"href":"https:\/\/www.a-l-institut.fr\/index.php\/wp-json\/wp\/v2\/media?parent=254"}],"curies":[{"name":"wp","href":"https:\/\/api.w.org\/{rel}","templated":true}]}}