{"id":8,"date":"2017-03-06T09:36:12","date_gmt":"2017-03-06T08:36:12","guid":{"rendered":"https:\/\/www.a-l-institut.fr\/?page_id=8"},"modified":"2025-10-27T16:13:31","modified_gmt":"2025-10-27T15:13:31","slug":"a-propos-de","status":"publish","type":"page","link":"https:\/\/www.a-l-institut.fr\/index.php\/a-propos-de\/","title":{"rendered":"Hammam"},"content":{"rendered":"<p><strong>\u00ab A l\u2019institut \u00bb<\/strong> vous propose le <strong>hammam avec et sans rendez-vous pour 18\u20ac<\/strong> du lundi au samedi 9h-19h et de nombreux forfaits tr\u00e8s avantageux.<\/p>\n<p>Retrouvez l&rsquo;ensemble des tarifs en <a href=\"https:\/\/www.a-l-institut.fr\/index.php\/blog\/\">cliquant ici<\/a><\/p>\n<p><img loading=\"lazy\" decoding=\"async\" class=\"alignnone size-full wp-image-230\" src=\"https:\/\/www.a-l-institut.fr\/wp-content\/uploads\/2017\/03\/18835763_1769970979960531_6373596884203045427_n.jpg\" alt=\"\" width=\"960\" height=\"960\" srcset=\"https:\/\/www.a-l-institut.fr\/wp-content\/uploads\/2017\/03\/18835763_1769970979960531_6373596884203045427_n.jpg 960w, https:\/\/www.a-l-institut.fr\/wp-content\/uploads\/2017\/03\/18835763_1769970979960531_6373596884203045427_n-150x150.jpg 150w, https:\/\/www.a-l-institut.fr\/wp-content\/uploads\/2017\/03\/18835763_1769970979960531_6373596884203045427_n-300x300.jpg 300w, https:\/\/www.a-l-institut.fr\/wp-content\/uploads\/2017\/03\/18835763_1769970979960531_6373596884203045427_n-768x768.jpg 768w, https:\/\/www.a-l-institut.fr\/wp-content\/uploads\/2017\/03\/18835763_1769970979960531_6373596884203045427_n-270x270.jpg 270w, https:\/\/www.a-l-institut.fr\/wp-content\/uploads\/2017\/03\/18835763_1769970979960531_6373596884203045427_n-80x80.jpg 80w\" sizes=\"auto, (max-width: 960px) 100vw, 960px\" \/><\/p>\n<p><strong>Quels sont les bienfaits du hammam ?<\/strong><\/p>\n<p>Le hammam est l\u2019une des meilleures choses que vous puissiez offrir \u00e0 votre organisme. Il ouvre les pores de la peau, \u00e9limine les impuret\u00e9s, lib\u00e8re les sinus et les voies nasales, apaise les douleurs musculaires et facilite la respiration. Terminez votre s\u00e9ance par un bain chaud, et vous dormirez comme un b\u00e9b\u00e9. Fa\u00eetes-la suivre d\u2019une douche fra\u00eeche et vous vous sentirez intens\u00e9ment revigor\u00e9.<\/p>\n<p><strong>\u00a0Le hammam permet-il de soulager le stress ?<\/strong><\/p>\n<p>Mieux que toute autre chose. Ceci est particuli\u00e8rement important dans une soci\u00e9t\u00e9 o\u00f9 tout va vite. Le hammam nous offre une pose n\u00e9cessaire, \u00e0 l\u2019\u00e9cart des soucis quotidiens : une brume de vapeur chaude et apaisante vous enveloppe et vous apporte le calme.Fermez les yeux, respirez profond\u00e9ment et sentez vos tensions s\u2019en aller &#8230;<\/p>\n<p><strong>La pratique du hammam peut-elle faciliter la perte de poids ?<\/strong><\/p>\n<p>Le bain de vapeur fait perdre de l\u2019eau \u00e0 votre organisme, ce qui entra\u00eene une perte de poids temporaire. Seul un programme d\u2019exercice r\u00e9gulier et un r\u00e9gime \u00e9quilibr\u00e9 peuvent vous aider \u00e0 perdre du poids de mani\u00e8re durable. Le hammam peut n\u00e9anmoins \u00eatre un merveilleux moment de d\u00e9tente apr\u00e8s un entra\u00eenement physique.<\/p>\n<p><img loading=\"lazy\" decoding=\"async\" class=\"alignnone size-full wp-image-258\" src=\"https:\/\/www.a-l-institut.fr\/wp-content\/uploads\/2017\/03\/18486010_1761645187459777_6426181423528030850_n.jpg\" alt=\"\" width=\"960\" height=\"960\" srcset=\"https:\/\/www.a-l-institut.fr\/wp-content\/uploads\/2017\/03\/18486010_1761645187459777_6426181423528030850_n.jpg 960w, https:\/\/www.a-l-institut.fr\/wp-content\/uploads\/2017\/03\/18486010_1761645187459777_6426181423528030850_n-150x150.jpg 150w, https:\/\/www.a-l-institut.fr\/wp-content\/uploads\/2017\/03\/18486010_1761645187459777_6426181423528030850_n-300x300.jpg 300w, https:\/\/www.a-l-institut.fr\/wp-content\/uploads\/2017\/03\/18486010_1761645187459777_6426181423528030850_n-768x768.jpg 768w, https:\/\/www.a-l-institut.fr\/wp-content\/uploads\/2017\/03\/18486010_1761645187459777_6426181423528030850_n-270x270.jpg 270w, https:\/\/www.a-l-institut.fr\/wp-content\/uploads\/2017\/03\/18486010_1761645187459777_6426181423528030850_n-80x80.jpg 80w\" sizes=\"auto, (max-width: 960px) 100vw, 960px\" \/><\/p>\n","protected":false},"excerpt":{"rendered":"<p>\u00ab A l\u2019institut \u00bb vous propose le hammam avec et sans rendez-vous pour 18\u20ac du lundi au samedi 9h-19h et de nombreux forfaits tr\u00e8s avantageux. Retrouvez l&rsquo;ensemble des tarifs en cliquant ici Quels sont les bienfaits du hammam ? Le hammam est l\u2019une des meilleures choses que vous puissiez offrir \u00e0 votre organisme. Il ouvre&hellip; <a class=\"more-link\" href=\"https:\/\/www.a-l-institut.fr\/index.php\/a-propos-de\/\">Lire plus <span class=\"screen-reader-text\">Hammam<\/span><\/a><\/p>\n","protected":false},"author":1,"featured_media":61,"parent":0,"menu_order":0,"comment_status":"closed","ping_status":"closed","template":"","meta":{"footnotes":""},"class_list":["post-8","page","type-page","status-publish","has-post-thumbnail","hentry"],"_links":{"self":[{"href":"https:\/\/www.a-l-institut.fr\/index.php\/wp-json\/wp\/v2\/pages\/8","targetHints":{"allow":["GET"]}}],"collection":[{"href":"https:\/\/www.a-l-institut.fr\/index.php\/wp-json\/wp\/v2\/pages"}],"about":[{"href":"https:\/\/www.a-l-institut.fr\/index.php\/wp-json\/wp\/v2\/types\/page"}],"author":[{"embeddable":true,"href":"https:\/\/www.a-l-institut.fr\/index.php\/wp-json\/wp\/v2\/users\/1"}],"replies":[{"embeddable":true,"href":"https:\/\/www.a-l-institut.fr\/index.php\/wp-json\/wp\/v2\/comments?post=8"}],"version-history":[{"count":14,"href":"https:\/\/www.a-l-institut.fr\/index.php\/wp-json\/wp\/v2\/pages\/8\/revisions"}],"predecessor-version":[{"id":1148,"href":"https:\/\/www.a-l-institut.fr\/index.php\/wp-json\/wp\/v2\/pages\/8\/revisions\/1148"}],"wp:featuredmedia":[{"embeddable":true,"href":"https:\/\/www.a-l-institut.fr\/index.php\/wp-json\/wp\/v2\/media\/61"}],"wp:attachment":[{"href":"https:\/\/www.a-l-institut.fr\/index.php\/wp-json\/wp\/v2\/media?parent=8"}],"curies":[{"name":"wp","href":"https:\/\/api.w.org\/{rel}","templated":true}]}}